{"id":106,"date":"2014-09-13T15:38:20","date_gmt":"2014-09-13T15:38:20","guid":{"rendered":"http:\/\/www.myinspirationlounge.com\/?page_id=106"},"modified":"2014-09-13T15:38:20","modified_gmt":"2014-09-13T15:38:20","slug":"om-mig","status":"publish","type":"page","link":"https:\/\/www.myinspirationlounge.com\/?page_id=106&lang=sv","title":{"rendered":"Om mig"},"content":{"rendered":"<p>Min Inspiration Lounge \u00e4r en \u00e5terspegling av allt som <b>jag \u00e4lskar<\/b> <b>och<\/b> <b>vill g\u00f6ra i <\/b><b>livet.<\/b><b>F\u00f6r att dela min<\/b> <b>resa<\/b> och <b>st\u00e4rka kvinnor<\/b> runt om i v\u00e4rlden att \u00e5teruppt\u00e4cka sina passioner, skapade jag en inspirerande resourcewith &#8220;p\u00e4rla&#8221; webbplatser och produkter thatinspire, informera och hj\u00e4lpa oss att g\u00f6ra det <b>om\u00f6jliga &#8211;<\/b> <b>m\u00f6jligt.<\/b>Jag \u00e4r glad att du \u00e4r h\u00e4r !!<\/p>\n<p>70% av kvinnorna v\u00e4nder sig till webben f\u00f6r forskning och 66% anv\u00e4nder det f\u00f6r att f\u00e5 kontakt med m\u00e4nniskor n\u00e4r de g\u00e5r igenom livsf\u00f6r\u00e4ndrande h\u00e4ndelser.\u00d6ver tv\u00e5 \u00e5r sedan v\u00e4nde jag p\u00e5 n\u00e4tet efter inspiration och fann det skr\u00e4mmande att hitta webbplatser som jag kunde lita p\u00e5 eller inneh\u00e5ll som talade till mig. Eftersom s\u00e5 m\u00e5nga kvinnor v\u00e4nder sig till n\u00e4tet f\u00f6r att f\u00e5 r\u00e5d och st\u00f6d, b\u00f6r de ha en positiv webbplats eller destination de kan lita p\u00e5 att f\u00f6ra dem den b\u00e4sta inspirationen och resurser p\u00e5 webben &#8211; allt p\u00e5 ett och samma st\u00e4lle. Det \u00e4r d\u00e4rf\u00f6r jag startade min Inspiration Lounge f\u00f6r kvinnor! Kul att du \u00e4r h\u00e4r!<\/p>\n<p><b>Min Inspiration Lounge \u00e4r en unik destination<\/b> och one-stop shop som presenterar det b\u00e4sta av webben f\u00f6r att hj\u00e4lpa kvinnor h\u00e5lla sig friska, fullf\u00f6lja sina passioner, ge tillbaka, bo gr\u00f6nt, starta ett f\u00f6retag eller se v\u00e4rlden, allt p\u00e5 ett och samma st\u00e4lle!Min Inspiration Lounge erbjuder kvinnor dagliga inspiration, i alla aspekter av livet, f\u00f6r att hj\u00e4lpa dem att skapa f\u00f6r\u00e4ndring i minuter.<\/p>\n<p><b>T\u00e4nk p\u00e5 My Inspiration Lounge som din nya favorit bokhandel:<\/b> Ett mysigt st\u00e4lle p\u00e5 n\u00e4tet att lounge och f\u00e5 inspiration. Ungef\u00e4r som din favorit bokhandel d\u00e4r du utforska olika delar uppt\u00e4cka inspiration, id\u00e9er, svar, aha! stunder i varje h\u00f6rn. Den b\u00e4sta delen, l\u00e4mnar dig utvilad och inte beh\u00f6ver sl\u00f6sa tid att gr\u00e4va f\u00f6r att hitta bra grejer. Om jag virtualy kunde servera lite kaffe, te eller vin skulle jag!<\/p>\n<p><b>Vad du kan f\u00f6rv\u00e4nta dig:<\/b> ett drama-fri zon, ingen k\u00e4ndisskvaller, webbplatser du kan lita p\u00e5 (jag handplocka varje), artiklar som inspirerar, nyttiga \/ praktiska tips och ouppt\u00e4ckta webbplatser blandat med v\u00e4lk\u00e4nda namn (jag \u00e4lskar banbrytare som Oprah , Martha, Real Simple, Maria Shriver och Paula Deen).F\u00f6rst och fr\u00e4mst, jag f\u00f6rs\u00f6ker st\u00f6dja entrepren\u00f6rer n\u00e4r s\u00e5 \u00e4r m\u00f6jligt.<\/p>\n<p><b>Det du inte hittar h\u00e4r:<\/b> webbplatser som inte \u00e4r s\u00e4kra, full av annonser eller kontroverser.Jag har filtreras genom allt det h\u00e4r och tro mig, det finns gott om det d\u00e4r ute.<\/p>\n<p><b>Vad var det hemsidan igen? <\/b>T\u00e4nk p\u00e5 MyInspirationLounge.com som en stor bokm\u00e4rke. Jag uppdatera inneh\u00e5llet ofta men ocks\u00e5 l\u00e4mna merparten av webbplatser i st\u00e4llet f\u00f6r att vara en resurs f\u00f6r n\u00e4r du beh\u00f6ver hitta dem igen. Dessutom \u00e4r de flesta av de v\u00e4rdefulla inneh\u00e5ll I roundup \u00e4r tidl\u00f6s och kan ses \u00f6ver ofta f\u00f6r en repetitions.<\/p>\n<p>Min Inspiration Lounge har f\u00f6r\u00e4ndrat m\u00e4nniskors liv. Se vad fansen ber\u00e4ttar h\u00e4nf\u00f6rt om!<\/p>\n","protected":false},"excerpt":{"rendered":"<p>Min Inspiration Lounge \u00e4r en \u00e5terspegling av allt som jag \u00e4lskar och vill g\u00f6ra i livet.F\u00f6r att dela min resa och st\u00e4rka kvinnor runt om i v\u00e4rlden att \u00e5teruppt\u00e4cka sina passioner, skapade jag en inspirerande resourcewith &#8220;p\u00e4rla&#8221; webbplatser och produkter thatinspire, informera och hj\u00e4lpa oss att g\u00f6ra det om\u00f6jliga &#8211; m\u00f6jligt.Jag \u00e4r glad att du &hellip; <a href=\"https:\/\/www.myinspirationlounge.com\/?page_id=106&#038;lang=sv\" class=\"more-link\">Continue reading <span class=\"screen-reader-text\">Om mig<\/span> <span class=\"meta-nav\">&rarr;<\/span><\/a><\/p>\n","protected":false},"author":2,"featured_media":0,"parent":0,"menu_order":0,"comment_status":"open","ping_status":"open","template":"","meta":{"footnotes":""},"class_list":["post-106","page","type-page","status-publish","hentry"],"_links":{"self":[{"href":"https:\/\/www.myinspirationlounge.com\/index.php?rest_route=\/wp\/v2\/pages\/106","targetHints":{"allow":["GET"]}}],"collection":[{"href":"https:\/\/www.myinspirationlounge.com\/index.php?rest_route=\/wp\/v2\/pages"}],"about":[{"href":"https:\/\/www.myinspirationlounge.com\/index.php?rest_route=\/wp\/v2\/types\/page"}],"author":[{"embeddable":true,"href":"https:\/\/www.myinspirationlounge.com\/index.php?rest_route=\/wp\/v2\/users\/2"}],"replies":[{"embeddable":true,"href":"https:\/\/www.myinspirationlounge.com\/index.php?rest_route=%2Fwp%2Fv2%2Fcomments&post=106"}],"version-history":[{"count":1,"href":"https:\/\/www.myinspirationlounge.com\/index.php?rest_route=\/wp\/v2\/pages\/106\/revisions"}],"predecessor-version":[{"id":107,"href":"https:\/\/www.myinspirationlounge.com\/index.php?rest_route=\/wp\/v2\/pages\/106\/revisions\/107"}],"wp:attachment":[{"href":"https:\/\/www.myinspirationlounge.com\/index.php?rest_route=%2Fwp%2Fv2%2Fmedia&parent=106"}],"curies":[{"name":"wp","href":"https:\/\/api.w.org\/{rel}","templated":true}]}}