{"id":45,"date":"2014-09-13T13:34:51","date_gmt":"2014-09-13T13:34:51","guid":{"rendered":"http:\/\/www.myinspirationlounge.com\/?page_id=45"},"modified":"2014-09-13T13:34:51","modified_gmt":"2014-09-13T13:34:51","slug":"a-propos-de-moi","status":"publish","type":"page","link":"https:\/\/www.myinspirationlounge.com\/?page_id=45&lang=fr","title":{"rendered":"A propos de moi"},"content":{"rendered":"<p>My Inspiration Lounge est le reflet de tout ce que <b>j&#8217;aime<\/b> <b>et je<\/b> <b>veux faire dans la <\/b><b>vie.<\/b><b>Pour partager mon<\/b> <b>voyage<\/b> et <b>l&#8217;autonomisation des femmes<\/b> \u00e0 travers le monde \u00e0 red\u00e9couvrir leurs passions, j&#8217;ai cr\u00e9\u00e9 un resourcewith inspiration sites &#8220;pr\u00e9cieuses&#8221; et des articles thatinspire, informons et nous aident \u00e0 faire <b>l&#8217;impossible &#8211;<\/b> <b>possible.<\/b>Je suis tr\u00e8s heureux que vous soyez ici !!<\/p>\n<p>70% des femmes se tournent vers le Web pour la recherche et 66% l&#8217;utilisent pour se connecter avec les gens quand ils vont \u00e0 travers des \u00e9v\u00e9nements qui changent la vie.Il ya plus de deux ans je me tournai vers le web pour trouver l&#8217;inspiration et l&#8217;a trouv\u00e9 intimidant pour trouver des sites que je pouvais faire confiance ou de contenu qui me parlaient. Parce que beaucoup de femmes se tournent vers le Web pour obtenir des conseils et du soutien, ils doivent avoir un site web ou positif destination qu&#8217;ils peuvent faire confiance \u00e0 leur apporter la meilleure source d&#8217;inspiration et de ressources sur le Web &#8211; le tout dans un seul endroit pratique. C&#8217;est pourquoi j&#8217;ai lanc\u00e9 My Inspiration Salon pour les femmes! Heureux que vous soyez ici!<\/p>\n<p><b>My Inspiration Lounge est un<\/b> magasin <b>de destination<\/b> et un arr\u00eat <b>unique<\/b> avec le meilleur de Web pour aider les femmes \u00e0 rester en bonne sant\u00e9, de poursuivre leurs passions, redonner, vert vivant, lancer une entreprise ou voir le monde, le tout dans un seul endroit pratique!My Inspiration Salon offre aux femmes inspiration quotidienne, dans tous les aspects de la vie, pour les aider \u00e0 cr\u00e9er des changements en quelques minutes.<\/p>\n<p><b>Pensez \u00e0 My Inspiration Lounge que votre nouvelle librairie pr\u00e9f\u00e9r\u00e9e:<\/b> Un endroit chaleureux en ligne pour se d\u00e9tendre et vous inspirer. Un peu comme votre librairie pr\u00e9f\u00e9r\u00e9e o\u00f9 vous explorez les diff\u00e9rentes sections d\u00e9couvrir l&#8217;inspiration, des id\u00e9es, des r\u00e9ponses, aha! moments dans tous les coins. La meilleure partie, vous laissera rafra\u00eechi et ne pas perdre de temps \u00e0 creuser pour trouver les bonnes choses. Si je pouvais vous servir virtuellement un caf\u00e9, th\u00e9 ou vin je le ferais!<\/p>\n<p><b>Qu&#8217;est-ce que vous pouvez vous attendre:<\/b> une zone de libre drame, pas de potins sur les c\u00e9l\u00e9brit\u00e9s, les sites Web que vous pouvez faire confiance (je la main prends chacun), les articles qui inspirent, des conseils utiles \/ pratiques et des sites Web inconnus m\u00e9lang\u00e9s avec des noms familiers (j&#8217;adore pionniers comme Oprah , Martha, Real Simple, Maria Shriver et Paula Deen).Tout d&#8217;abord, je cherche \u00e0 soutenir les entrepreneurs autant que possible.<\/p>\n<p><b>Ce que vous ne trouverez pas ici:<\/b> Les sites qui ne sont pas s\u00fbrs, pleins d&#8217;annonces ou de controverse.J&#8217;ai filtr\u00e9e \u00e0 travers tout cela, et croyez-moi, il ya beaucoup de l\u00e0-bas.<\/p>\n<p><b>Quel \u00e9tait ce nouveau site? <\/b>Pensez MyInspirationLounge.com comme un grand favori. Mettre \u00e0 jour le contenu souvent, mais laisse aussi la majorit\u00e9 des sites Web mis en place pour \u00eatre une ressource pour quand vous avez besoin de les retrouver. D&#8217;ailleurs, la plupart du pr\u00e9cieux contenu que je rafle est intemporel et pourrait \u00eatre r\u00e9examin\u00e9e souvent pour un rafra\u00eechissement.<\/p>\n<p>My Inspiration Lounge a chang\u00e9 la vie des gens. Voir ce que les fans adorent!<\/p>\n","protected":false},"excerpt":{"rendered":"<p>My Inspiration Lounge est le reflet de tout ce que j&#8217;aime et je veux faire dans la vie.Pour partager mon voyage et l&#8217;autonomisation des femmes \u00e0 travers le monde \u00e0 red\u00e9couvrir leurs passions, j&#8217;ai cr\u00e9\u00e9 un resourcewith inspiration sites &#8220;pr\u00e9cieuses&#8221; et des articles thatinspire, informons et nous aident \u00e0 faire l&#8217;impossible &#8211; possible.Je suis tr\u00e8s &hellip; <a href=\"https:\/\/www.myinspirationlounge.com\/?page_id=45&#038;lang=fr\" class=\"more-link\">Continue reading <span class=\"screen-reader-text\">A propos de moi<\/span> <span class=\"meta-nav\">&rarr;<\/span><\/a><\/p>\n","protected":false},"author":2,"featured_media":0,"parent":0,"menu_order":0,"comment_status":"open","ping_status":"open","template":"","meta":{"footnotes":""},"class_list":["post-45","page","type-page","status-publish","hentry"],"_links":{"self":[{"href":"https:\/\/www.myinspirationlounge.com\/index.php?rest_route=\/wp\/v2\/pages\/45","targetHints":{"allow":["GET"]}}],"collection":[{"href":"https:\/\/www.myinspirationlounge.com\/index.php?rest_route=\/wp\/v2\/pages"}],"about":[{"href":"https:\/\/www.myinspirationlounge.com\/index.php?rest_route=\/wp\/v2\/types\/page"}],"author":[{"embeddable":true,"href":"https:\/\/www.myinspirationlounge.com\/index.php?rest_route=\/wp\/v2\/users\/2"}],"replies":[{"embeddable":true,"href":"https:\/\/www.myinspirationlounge.com\/index.php?rest_route=%2Fwp%2Fv2%2Fcomments&post=45"}],"version-history":[{"count":1,"href":"https:\/\/www.myinspirationlounge.com\/index.php?rest_route=\/wp\/v2\/pages\/45\/revisions"}],"predecessor-version":[{"id":46,"href":"https:\/\/www.myinspirationlounge.com\/index.php?rest_route=\/wp\/v2\/pages\/45\/revisions\/46"}],"wp:attachment":[{"href":"https:\/\/www.myinspirationlounge.com\/index.php?rest_route=%2Fwp%2Fv2%2Fmedia&parent=45"}],"curies":[{"name":"wp","href":"https:\/\/api.w.org\/{rel}","templated":true}]}}