{"id":74,"date":"2014-09-13T14:26:25","date_gmt":"2014-09-13T14:26:25","guid":{"rendered":"http:\/\/www.myinspirationlounge.com\/?page_id=74"},"modified":"2014-09-13T14:26:25","modified_gmt":"2014-09-13T14:26:25","slug":"om-meg","status":"publish","type":"page","link":"https:\/\/www.myinspirationlounge.com\/?page_id=74&lang=nb","title":{"rendered":"Om meg"},"content":{"rendered":"<p>Min Inspiration Lounge er en refleksjon av alt som <b>jeg elsker<\/b> <b>og<\/b> <b>\u00f8nsker \u00e5 gj\u00f8re i <\/b><b>livet.<\/b><b>\u00c5 dele min<\/b> <b>reise<\/b> og <b>styrke kvinner<\/b> rundt om i verden for \u00e5 gjenoppdage sine lidenskaper, jeg opprettet en inspirerende resourcewith &#8220;perle&#8221; nettsteder og artikler thatinspire, informere og hjelpe oss \u00e5 gj\u00f8re det <b>umulige &#8211;<\/b> <b>mulig.<\/b>Jeg er begeistret for at du er her !!<\/p>\n<p>70% av kvinner sl\u00e5r til nettet for forskning og 66% bruker den til \u00e5 f\u00e5 kontakt med folk n\u00e5r de g\u00e5r gjennom livsforvandlende hendelser.Over to \u00e5r siden jeg sl\u00e5tt til p\u00e5 nettet etter inspirasjon og fant det skremmende \u00e5 finne steder jeg kunne stole p\u00e5 eller innhold som snakket til meg. Fordi s\u00e5 mange kvinner sl\u00e5 til nettet for \u00e5 f\u00e5 r\u00e5d og st\u00f8tte, b\u00f8r de ha en positiv nettside eller destinasjon de kan stole p\u00e5 \u00e5 bringe dem den beste inspirasjon og ressurser p\u00e5 nettet &#8211; alt p\u00e5 ett sted. Dette er grunnen til at jeg lanserte min inspirasjon Lounge for kvinner! Glad du er her!<\/p>\n<p><b>Min Inspiration Lounge er et unikt reisem\u00e5l<\/b> og one-stop shop med det beste av nettet for \u00e5 hjelpe kvinner holde seg frisk, forf\u00f8lge sine lidenskaper, gi tilbake, live gr\u00f8nn, starte en virksomhet eller se verden, alt p\u00e5 ett sted!Min Inspiration Lounge tilbyr kvinner daglig inspirasjon, i alle aspekter av livet, for \u00e5 hjelpe dem \u00e5 skape endring i l\u00f8pet av minutter.<\/p>\n<p><b>Tenk p\u00e5 My Inspiration Lounge som din nye favoritt bokhandel:<\/b> Et koselig sted p\u00e5 nettet for \u00e5 salongen rundt og bli inspirert. Liksom som din favoritt bokhandel der du utforske ulike seksjoner oppdage inspirasjon, ideer, svar, aha! \u00f8yeblikk i hvert hj\u00f8rne. Den beste delen, la deg uthvilt og ikke trenger \u00e5 kaste bort tid p\u00e5 \u00e5 grave for \u00e5 finne de gode ting. Hvis jeg virtualy kunne tjene deg litt kaffe, te eller vin jeg ville!<\/p>\n<p><b>Hva du kan forvente:<\/b> en drama-fri sone, ingen kjendis sladder, nettsteder du kan stole p\u00e5 (jeg h\u00e5ndplukke hver enkelt), artikler som inspirerer, nyttige \/ praktiske tips og uoppdagede nettsteder blandet med velkjente navn (jeg elsker Trailblazers som Oprah , Martha, Real Simple, Maria Shriver og Paula Deen).F\u00f8rst og fremst, jeg pr\u00f8ver \u00e5 st\u00f8tte gr\u00fcndere n\u00e5r det er mulig.<\/p>\n<p><b>Det du ikke finner her:<\/b> nettsteder som ikke er trygg, full av annonser eller uenighet.Jeg har filtrert gjennom alt dette, og tro meg, det er nok av det der ute.<\/p>\n<p><b>Hva var det nettstedet igjen? <\/b>Tenk p\u00e5 MyInspirationLounge.com som en stor bokmerke. Jeg oppdatere innholdet ofte, men ogs\u00e5 la flertallet av nettsteder i stedet \u00e5 v\u00e6re en ressurs for n\u00e5r du trenger \u00e5 finne dem igjen. Dessuten er det meste av verdifullt innhold jeg roundup tidl\u00f8s og kan bli revisited ofte for en oppfriskning.<\/p>\n<p>Min Inspiration Lounge har endret folks liv. Se hva fansen fantaserer om!<\/p>\n","protected":false},"excerpt":{"rendered":"<p>Min Inspiration Lounge er en refleksjon av alt som jeg elsker og \u00f8nsker \u00e5 gj\u00f8re i livet.\u00c5 dele min reise og styrke kvinner rundt om i verden for \u00e5 gjenoppdage sine lidenskaper, jeg opprettet en inspirerende resourcewith &#8220;perle&#8221; nettsteder og artikler thatinspire, informere og hjelpe oss \u00e5 gj\u00f8re det umulige &#8211; mulig.Jeg er begeistret for &hellip; <a href=\"https:\/\/www.myinspirationlounge.com\/?page_id=74&#038;lang=nb\" class=\"more-link\">Continue reading <span class=\"screen-reader-text\">Om meg<\/span> <span class=\"meta-nav\">&rarr;<\/span><\/a><\/p>\n","protected":false},"author":2,"featured_media":0,"parent":0,"menu_order":0,"comment_status":"open","ping_status":"open","template":"","meta":{"footnotes":""},"class_list":["post-74","page","type-page","status-publish","hentry"],"_links":{"self":[{"href":"https:\/\/www.myinspirationlounge.com\/index.php?rest_route=\/wp\/v2\/pages\/74","targetHints":{"allow":["GET"]}}],"collection":[{"href":"https:\/\/www.myinspirationlounge.com\/index.php?rest_route=\/wp\/v2\/pages"}],"about":[{"href":"https:\/\/www.myinspirationlounge.com\/index.php?rest_route=\/wp\/v2\/types\/page"}],"author":[{"embeddable":true,"href":"https:\/\/www.myinspirationlounge.com\/index.php?rest_route=\/wp\/v2\/users\/2"}],"replies":[{"embeddable":true,"href":"https:\/\/www.myinspirationlounge.com\/index.php?rest_route=%2Fwp%2Fv2%2Fcomments&post=74"}],"version-history":[{"count":1,"href":"https:\/\/www.myinspirationlounge.com\/index.php?rest_route=\/wp\/v2\/pages\/74\/revisions"}],"predecessor-version":[{"id":75,"href":"https:\/\/www.myinspirationlounge.com\/index.php?rest_route=\/wp\/v2\/pages\/74\/revisions\/75"}],"wp:attachment":[{"href":"https:\/\/www.myinspirationlounge.com\/index.php?rest_route=%2Fwp%2Fv2%2Fmedia&parent=74"}],"curies":[{"name":"wp","href":"https:\/\/api.w.org\/{rel}","templated":true}]}}