{"id":92,"date":"2014-09-13T14:54:39","date_gmt":"2014-09-13T14:54:39","guid":{"rendered":"http:\/\/www.myinspirationlounge.com\/?page_id=92"},"modified":"2014-09-13T14:54:39","modified_gmt":"2014-09-13T14:54:39","slug":"o-mnie","status":"publish","type":"page","link":"https:\/\/www.myinspirationlounge.com\/?page_id=92&lang=pl","title":{"rendered":"O mnie"},"content":{"rendered":"<p>My Inspiration Salon jest odzwierciedleniem wszystkiego, co <b>kocham<\/b> <b>i<\/b> <b>chce robi\u0107 w <\/b><b>\u017cyciu.<\/b><b>Dzieli\u0107 si\u0119 moj\u0105<\/b> <b>podr\u00f3\u017c<\/b> i <b>awans spo\u0142eczny kobiet<\/b> na ca\u0142ym \u015bwiecie, aby odkry\u0107 swoje pasje, stworzy\u0142em inspiruj\u0105ce resourcewith &#8220;klejnot&#8221; strony internetowe i artyku\u0142y thatinspire, informuj\u0105 i pomagaj\u0105 nam uczyni\u0107 <b>niemo\u017cliwe &#8211;<\/b> <b>mo\u017cliwe.<\/b>Jestem zachwycony, \u017ce tu jeste\u015b !!<\/p>\n<p>70% kobiet, zwracaj\u0105 si\u0119 do sieci w dziedzinie bada\u0144 i 66% u\u017cywa\u0107 go do po\u0142\u0105czenia si\u0119 z lud\u017ami, kiedy idziesz przez \u017cycie zmiany wydarze\u0144.Ponad dwa lata temu zwr\u00f3ci\u0142em si\u0119 do sieci w poszukiwaniu inspiracji i okaza\u0142o si\u0119 trudne do znalezienia miejsca m\u00f3g\u0142bym zaufa\u0107, lub tre\u015bci, kt\u00f3re do mnie m\u00f3wi\u0142. Poniewa\u017c tak wiele kobiet w\u0142\u0105czy\u0107 do sieci doradztwa i wsparcia, powinny one mie\u0107 pozytywny internetowej lub przeznaczenia mog\u0105 zaufa\u0107, aby przynie\u015b\u0107 im najlepsz\u0105 inspiracj\u0105 i zasob\u00f3w w sieci &#8211; wszystko w jednym wygodnym miejscu. Dlatego w\u0142a\u015bnie rozpocz\u0119\u0142a moj\u0105 inspiracj\u0105 Lounge dla kobiet! Ciesz\u0119 si\u0119, \u017ce tu jeste\u015b!<\/p>\n<p><b>My Inspiration salon jest wyj\u0105tkowym miejscem<\/b> i one-stop shop go\u015bcinnie najlepsze sieci, aby pom\u00f3c kobietom zachowa\u0107 zdrowie, realizowa\u0107 swoje pasje, odda\u0107, \u017cywo zielony, rozpocz\u0119cie dzia\u0142alno\u015bci gospodarczej lub zobaczy\u0107 \u015bwiat, wszystko w jednym wygodnym miejscu!My Inspiration Salon oferuje kobietom codzienne inspiracje, we wszystkich aspektach \u017cycia, aby pom\u00f3c im stworzy\u0107 zmian\u0119 minut.<\/p>\n<p><b>Pomy\u015bl o moj\u0105 inspiracj\u0105 Lounge jako nowej ulubionej ksi\u0119garni:<\/b> przytulne miejsce w Internecie do leniuchowania i poszuka\u0107 inspiracji. Co\u015b jak ulubionej ksi\u0119garni, gdzie mo\u017cna zwiedzi\u0107 r\u00f3\u017cne sekcje odkrywanie inspiracji, pomys\u0142\u00f3w, odpowiedzi, aha! momenty w ka\u017cdym rogu. Najlepsza cz\u0119\u015b\u0107, pozostawi\u0107 od\u015bwie\u017cony i nie trzeba traci\u0107 czasu na kopanie, aby znale\u017a\u0107 dobre rzeczy. Gdybym m\u00f3g\u0142 virtualy s\u0142u\u017cy\u0107 ci kaw\u0119, herbat\u0119 lub wino chcia\u0142bym!<\/p>\n<p><b>Czego mo\u017cna oczekiwa\u0107:<\/b> dramat-Free Zone, nie plotek, strony internetowe mo\u017cna zaufa\u0107 (I r\u0119cznie wybra\u0107 ka\u017cdy), artyku\u0142y, kt\u00f3re inspiruj\u0105, przydatne \/ praktyczne wskaz\u00f3wki i nieodkrytych stron mieszane z nazw domowych (Kocham pionier\u00f3w takich jak Oprah Marta, Real Simple, Maria Shriver i Paula Deen).Przede wszystkim staram si\u0119 wspiera\u0107 przedsi\u0119biorc\u00f3w w miar\u0119 mo\u017cliwo\u015bci.<\/p>\n<p><b>Co nie znajdziesz tu:<\/b> Strony, kt\u00f3re nie s\u0105 bezpieczne, pe\u0142ne reklam i kontrowersji.Mam przes\u0105cza si\u0119 przez to wszystko i prosz\u0119 mi wierzy\u0107, nie jest to du\u017co tam.<\/p>\n<p><b>Co by\u0142o jeszcze, \u017ce strona internetowa? <\/b>Pomy\u015bl MyInspirationLounge.com jako jeden du\u017cy zak\u0142ad. Zaktualizowa\u0107 zawarto\u015b\u0107 cz\u0119sto, ale r\u00f3wnie\u017c zostawi\u0107 wi\u0119kszo\u015b\u0107 stron internetowych w celu by\u0107 \u017ar\u00f3d\u0142em, gdy trzeba je odnale\u017a\u0107. Poza tym, wi\u0119kszo\u015b\u0107 cennych tre\u015bci I Roundup jest ponadczasowy i mo\u017ce zosta\u0107 zweryfikowana cz\u0119sto od\u015bwie\u017caj\u0105ce.<\/p>\n<p>My Inspiration salon zmieni\u0142 \u017cycia ludzi. Zobacz co Zachwyceni fani!<\/p>\n","protected":false},"excerpt":{"rendered":"<p>My Inspiration Salon jest odzwierciedleniem wszystkiego, co kocham i chce robi\u0107 w \u017cyciu.Dzieli\u0107 si\u0119 moj\u0105 podr\u00f3\u017c i awans spo\u0142eczny kobiet na ca\u0142ym \u015bwiecie, aby odkry\u0107 swoje pasje, stworzy\u0142em inspiruj\u0105ce resourcewith &#8220;klejnot&#8221; strony internetowe i artyku\u0142y thatinspire, informuj\u0105 i pomagaj\u0105 nam uczyni\u0107 niemo\u017cliwe &#8211; mo\u017cliwe.Jestem zachwycony, \u017ce tu jeste\u015b !! 70% kobiet, zwracaj\u0105 si\u0119 do sieci &hellip; <a href=\"https:\/\/www.myinspirationlounge.com\/?page_id=92&#038;lang=pl\" class=\"more-link\">Continue reading <span class=\"screen-reader-text\">O mnie<\/span> <span class=\"meta-nav\">&rarr;<\/span><\/a><\/p>\n","protected":false},"author":2,"featured_media":0,"parent":0,"menu_order":0,"comment_status":"open","ping_status":"open","template":"","meta":{"footnotes":""},"class_list":["post-92","page","type-page","status-publish","hentry"],"_links":{"self":[{"href":"https:\/\/www.myinspirationlounge.com\/index.php?rest_route=\/wp\/v2\/pages\/92","targetHints":{"allow":["GET"]}}],"collection":[{"href":"https:\/\/www.myinspirationlounge.com\/index.php?rest_route=\/wp\/v2\/pages"}],"about":[{"href":"https:\/\/www.myinspirationlounge.com\/index.php?rest_route=\/wp\/v2\/types\/page"}],"author":[{"embeddable":true,"href":"https:\/\/www.myinspirationlounge.com\/index.php?rest_route=\/wp\/v2\/users\/2"}],"replies":[{"embeddable":true,"href":"https:\/\/www.myinspirationlounge.com\/index.php?rest_route=%2Fwp%2Fv2%2Fcomments&post=92"}],"version-history":[{"count":1,"href":"https:\/\/www.myinspirationlounge.com\/index.php?rest_route=\/wp\/v2\/pages\/92\/revisions"}],"predecessor-version":[{"id":93,"href":"https:\/\/www.myinspirationlounge.com\/index.php?rest_route=\/wp\/v2\/pages\/92\/revisions\/93"}],"wp:attachment":[{"href":"https:\/\/www.myinspirationlounge.com\/index.php?rest_route=%2Fwp%2Fv2%2Fmedia&parent=92"}],"curies":[{"name":"wp","href":"https:\/\/api.w.org\/{rel}","templated":true}]}}